{"id":55,"date":"2025-05-22T19:29:43","date_gmt":"2025-05-22T17:29:43","guid":{"rendered":"https:\/\/twintownjazz.nl\/?page_id=55"},"modified":"2025-05-24T16:06:17","modified_gmt":"2025-05-24T14:06:17","slug":"datenschutzerklaerung","status":"publish","type":"page","link":"https:\/\/twintownjazz.nl\/de\/datenschutzerklaerung\/","title":{"rendered":"Datenschutzerkl\u00e4rung"},"content":{"rendered":"<h1 data-start=\"65\" data-end=\"176\"><strong data-start=\"65\" data-end=\"104\">Datenschutzerkl\u00e4rung Twin Town Jazz<\/strong><\/h1>\n<p data-start=\"65\" data-end=\"176\">Diese Datenschutzerkl\u00e4rung gilt f\u00fcr alle Websites von Twin Town Jazz.<\/p>\n<p data-start=\"178\" data-end=\"318\">Allgemeine Daten von Twin Town Jazz:<br data-start=\"218\" data-end=\"221\" \/>Name: Twin Town Jazz<br data-start=\"241\" data-end=\"244\" \/>Handelsregister-Nummer: 65736222<br data-start=\"276\" data-end=\"279\" \/>E-Mail-Adresse: <a class=\"cursor-pointer\" href=\"mailto:tickets@twintownjazz.nl\" rel=\"noopener\" data-start=\"295\" data-end=\"318\">tickets@twintownjazz.nl<\/a><\/p>\n<p>&nbsp;<\/p>\n<h2 data-start=\"325\" data-end=\"564\"><strong data-start=\"325\" data-end=\"340\">Erl\u00e4uterung<\/strong><\/h2>\n<p data-start=\"325\" data-end=\"564\">Mit dieser Datenschutzerkl\u00e4rung werden Sie dar\u00fcber informiert, wie Twin Town Jazz Ihre personenbezogenen Daten verarbeitet und verwendet. Twin Town Jazz respektiert die Privatsph\u00e4re aller Kunden und Nutzer seiner Website.<\/p>\n<p data-start=\"566\" data-end=\"683\">Twin Town Jazz geht \u00e4u\u00dferst sorgf\u00e4ltig mit pers\u00f6nlichen Informationen um und behandelt alle Daten streng vertraulich.<\/p>\n<p data-start=\"685\" data-end=\"824\">Twin Town Jazz h\u00e4lt sich in allen F\u00e4llen an die geltenden Gesetze und Vorschriften, einschlie\u00dflich der Datenschutz-Grundverordnung (DSGVO).<\/p>\n<p data-start=\"826\" data-end=\"1063\">Diese Datenschutzerkl\u00e4rung gilt ausschlie\u00dflich f\u00fcr die Dienstleistungen von Twin Town Jazz. Bitte beachten Sie, dass Twin Town Jazz nicht f\u00fcr die Datenschutzerkl\u00e4rungen anderer auf der Website genannter Organisationen verantwortlich ist.<\/p>\n<p>&nbsp;<\/p>\n<h2 data-start=\"1070\" data-end=\"1142\"><strong data-start=\"1070\" data-end=\"1140\">Personenbezogene Daten, die bei Twin Town Jazz verarbeitet werden:<\/strong><\/h2>\n<ul>\n<li data-start=\"1145\" data-end=\"1154\">Vorname<\/li>\n<li data-start=\"1145\" data-end=\"1154\">Nachname<\/li>\n<li data-start=\"1145\" data-end=\"1154\">E-Mail-Adresse<\/li>\n<li data-start=\"1145\" data-end=\"1154\">Adressdaten<\/li>\n<\/ul>\n<p data-start=\"1202\" data-end=\"1358\">Die von Twin Town Jazz gesammelten und verarbeiteten personenbezogenen Daten sind ausschlie\u00dflich solche, die Sie selbst Twin Town Jazz bereitgestellt haben.<\/p>\n<p>&nbsp;<\/p>\n<h2 data-start=\"1365\" data-end=\"1436\"><strong data-start=\"1365\" data-end=\"1436\">Zweck und Verwendung der personenbezogenen Daten bei Twin Town Jazz<\/strong><\/h2>\n<h3 data-start=\"1438\" data-end=\"1604\"><strong data-start=\"1438\" data-end=\"1458\">Kontaktformular:<\/strong><\/h3>\n<p data-start=\"1438\" data-end=\"1604\">Wir fragen Ihren Namen und Ihre E-Mail-Adresse ab, um mit Ihnen bez\u00fcglich Ihrer im Kontaktformular \u00fcbermittelten Nachricht Kontakt aufzunehmen.<\/p>\n<h3 data-start=\"1606\" data-end=\"2059\"><strong data-start=\"1606\" data-end=\"1621\">Bestellung:<\/strong><\/h3>\n<p data-start=\"1606\" data-end=\"2059\">Bei einer Bestellung fragen wir Vorname, Nachname, Land, Stra\u00dfe und Hausnummer, Postleitzahl, Ort und E-Mail-Adresse ab. Vorname, Nachname, Land, Stra\u00dfe und Hausnummer, Postleitzahl und Ort werden f\u00fcr die Bearbeitung Ihrer Bestellung ben\u00f6tigt. Diese Daten sind ebenfalls notwendig, um die Tickets eindeutig zu machen und Missbrauch zu verhindern. Ihre E-Mail-Adresse wird verwendet, um Ihnen die Rechnung nach der Bestellung zu senden.<\/p>\n<p>&nbsp;<\/p>\n<h2 data-start=\"2066\" data-end=\"2182\"><strong data-start=\"2066\" data-end=\"2098\">Aufbewahrungsdauer der Daten<\/strong><\/h2>\n<p data-start=\"2066\" data-end=\"2182\">Twin Town Jazz speichert Ihre personenbezogenen Daten nicht l\u00e4nger als notwendig.<\/p>\n<p data-start=\"2184\" data-end=\"2306\">Bei einer Bestellung werden Ihre Daten maximal ein Jahr aufbewahrt, da die Daten nach jeder Veranstaltung gel\u00f6scht werden.<\/p>\n<p>&nbsp;<\/p>\n<h2 data-start=\"2313\" data-end=\"2551\"><strong data-start=\"2313\" data-end=\"2337\">Weitergabe an Dritte<\/strong><\/h2>\n<p data-start=\"2313\" data-end=\"2551\">Twin Town Jazz verkauft Ihre Daten nicht an Dritte. Ihre Daten werden nur dann weitergegeben, wenn dies f\u00fcr die Erf\u00fcllung eines Vertrags mit Ihnen notwendig ist oder um gesetzlichen Verpflichtungen nachzukommen.<\/p>\n<p data-start=\"2553\" data-end=\"2762\">Mit Unternehmen, die Ihre Daten im Auftrag von Twin Town Jazz verarbeiten, werden Vertr\u00e4ge zur Auftragsverarbeitung abgeschlossen, um ein gleiches Schutzniveau und Vertraulichkeit Ihrer Daten zu gew\u00e4hrleisten.<\/p>\n<p data-start=\"2764\" data-end=\"2816\">Folgende Dritte erhalten Daten von Twin Town Jazz:<\/p>\n<ul>\n<li data-start=\"2819\" data-end=\"2887\">Buchhaltungsb\u00fcro \u2013 nutzt die Rechnungen zur Umsatzsteuererkl\u00e4rung.<\/li>\n<li data-start=\"2819\" data-end=\"2887\">Rechnungsprogramm \u2013 verwendet die personenbezogenen Daten f\u00fcr die Rechnungserstellung.<\/li>\n<li data-start=\"2819\" data-end=\"2887\">Hosting-Provider f\u00fcr Website und E-Mail \u2013 sorgen daf\u00fcr, dass die Website ordnungsgem\u00e4\u00df funktioniert, Twin Town Jazz per E-Mail erreichbar ist und die Sicherheit gew\u00e4hrleistet wird. Die Daten sind anonymisiert einsehbar.<\/li>\n<li data-start=\"2819\" data-end=\"2887\">Ticketsystem \u2013 f\u00fcr die Verarbeitung von Bestellungen und Erstellung der Tickets.<\/li>\n<\/ul>\n<p>&nbsp;<\/p>\n<h2 data-start=\"3292\" data-end=\"3478\"><strong data-start=\"3292\" data-end=\"3342\">Auskunft, Berichtigung oder L\u00f6schung der Daten<\/strong><\/h2>\n<p data-start=\"3292\" data-end=\"3478\">Sie haben das Recht, Ihre von Twin Town Jazz verarbeiteten personenbezogenen Daten einzusehen, zu korrigieren oder l\u00f6schen zu lassen.<\/p>\n<p data-start=\"3480\" data-end=\"3650\">Sie k\u00f6nnen eine Anfrage zur Auskunft, Berichtigung oder L\u00f6schung an <a class=\"cursor-pointer\" href=\"mailto:tickets@twintownjazz.nl\" rel=\"noopener\" data-start=\"3548\" data-end=\"3571\">tickets@twintownjazz.nl<\/a> senden. Twin Town Jazz wird so schnell wie m\u00f6glich auf Ihre Anfrage reagieren.<\/p>\n<p>&nbsp;<\/p>\n<h2 data-start=\"3657\" data-end=\"3866\"><strong data-start=\"3657\" data-end=\"3671\">Sicherheit<\/strong><\/h2>\n<p data-start=\"3657\" data-end=\"3866\">Twin Town Jazz nimmt den Schutz Ihrer Daten ernst und ergreift angemessene Ma\u00dfnahmen, um Missbrauch, Verlust, unbefugten Zugriff, ungewollte Offenlegung und unbefugte \u00c4nderungen zu verhindern.<\/p>\n<p data-start=\"3868\" data-end=\"4071\">Die Websites von Twin Town Jazz verwenden ein zuverl\u00e4ssiges SSL-Zertifikat, um sicherzustellen, dass Ihre personenbezogenen Daten nicht in falsche H\u00e4nde geraten und Daten verschl\u00fcsselt \u00fcbertragen werden.<\/p>\n<p data-start=\"4073\" data-end=\"4328\">Sollten Sie den Eindruck haben, dass Ihre Daten nicht ausreichend gesch\u00fctzt sind, Hinweise auf Missbrauch vorliegen oder wenn Sie mehr Informationen zur Datensicherheit von Twin Town Jazz w\u00fcnschen, kontaktieren Sie uns bitte unter <a class=\"cursor-pointer\" href=\"mailto:tickets@twintownjazz.nl\" rel=\"noopener\" data-start=\"4304\" data-end=\"4327\">tickets@twintownjazz.nl<\/a>.<\/p>\n<p>&nbsp;<\/p>\n<h2 data-start=\"4073\" data-end=\"4328\"><strong data-start=\"4335\" data-end=\"4349\">\u00c4nderungen<\/strong><\/h2>\n<p data-start=\"4073\" data-end=\"4328\">Twin Town Jazz beh\u00e4lt sich das Recht vor, \u00c4nderungen an dieser Datenschutzerkl\u00e4rung vorzunehmen. \u00c4nderungen treten zu dem angek\u00fcndigten Zeitpunkt in Kraft.<\/p>\n","protected":false},"excerpt":{"rendered":"<p>Datenschutzerkl\u00e4rung Twin Town Jazz Diese Datenschutzerkl\u00e4rung gilt f\u00fcr alle Websites von Twin Town Jazz. Allgemeine Daten von Twin Town Jazz:Name: Twin Town JazzHandelsregister-Nummer: 65736222E-Mail-Adresse: tickets@twintownjazz.nl &nbsp; Erl\u00e4uterung Mit dieser Datenschutzerkl\u00e4rung werden Sie dar\u00fcber informiert, wie Twin Town Jazz Ihre personenbezogenen Daten verarbeitet und verwendet. Twin Town Jazz respektiert die Privatsph\u00e4re aller Kunden und Nutzer seiner [&hellip;]<\/p>\n","protected":false},"author":1,"featured_media":0,"parent":0,"menu_order":0,"comment_status":"closed","ping_status":"open","template":"","meta":{"_acf_changed":false,"footnotes":""},"class_list":["post-55","page","type-page","status-publish","hentry"],"acf":[],"_links":{"self":[{"href":"https:\/\/twintownjazz.nl\/de\/wp-json\/wp\/v2\/pages\/55","targetHints":{"allow":["GET"]}}],"collection":[{"href":"https:\/\/twintownjazz.nl\/de\/wp-json\/wp\/v2\/pages"}],"about":[{"href":"https:\/\/twintownjazz.nl\/de\/wp-json\/wp\/v2\/types\/page"}],"author":[{"embeddable":true,"href":"https:\/\/twintownjazz.nl\/de\/wp-json\/wp\/v2\/users\/1"}],"replies":[{"embeddable":true,"href":"https:\/\/twintownjazz.nl\/de\/wp-json\/wp\/v2\/comments?post=55"}],"version-history":[{"count":2,"href":"https:\/\/twintownjazz.nl\/de\/wp-json\/wp\/v2\/pages\/55\/revisions"}],"predecessor-version":[{"id":57,"href":"https:\/\/twintownjazz.nl\/de\/wp-json\/wp\/v2\/pages\/55\/revisions\/57"}],"wp:attachment":[{"href":"https:\/\/twintownjazz.nl\/de\/wp-json\/wp\/v2\/media?parent=55"}],"curies":[{"name":"wp","href":"https:\/\/api.w.org\/{rel}","templated":true}]}}