{"id":100,"date":"2025-07-13T12:00:26","date_gmt":"2025-07-13T10:00:26","guid":{"rendered":"https:\/\/twintownjazz.nl\/?post_type=product&#038;p=100"},"modified":"2025-07-16T10:21:01","modified_gmt":"2025-07-16T08:21:01","slug":"na%d1%97ma-quartet-nl","status":"publish","type":"product","link":"https:\/\/twintownjazz.nl\/de\/produkt\/na%d1%97ma-quartet-nl\/","title":{"rendered":"Na\u0457ma Quartet"},"content":{"rendered":"","protected":false},"excerpt":{"rendered":"<p>Das Na\u0457ma Quartet wurde 2016 von der Kontrabassistin und S\u00e4ngerin Na\u00efma Girou gegr\u00fcndet und wird von einem einzigartigen und kraftvollen Sound gepr\u00e4gt, in dem sich die musikalischen Wurzeln und die Charaktere der vier jungen Musiker widerspiegeln. Die Gruppe hat bereits drei Alben ver\u00f6ffentlicht und bei Jazz in Marsiac gespielt. Die Gruppe pr\u00e4sentiert \u00fcberwiegend eigene Kompositionen, die Jazzgroove und Songtradtion verbinden. Zur Gruppe geh\u00f6ren der irische Gitarrist John Owens, Jules Le Risb\u00e9 (p) und Thomas Domene (dr).<\/p>\n<p><strong><em>F\u00fcr deutsche Kunden nur Trustly!<\/em><\/strong><\/p>\n<p><em><strong>Nach Abschluss der Bestellung erh\u00e4ltst du das Ticket sofort per E-Mail (bitte auch den Spam-Ordner pr\u00fcfen). Die Versandzeit kann je nach Bank variieren \u2013 sobald die Zahlung eingegangen ist, wird das Ticket per E-Mail verschickt.<\/strong><\/em><br data-start=\"155\" data-end=\"158\" \/><em><strong>Bringe das Ticket ausgedruckt zum Event mit oder zeige es auf einem mobilen Ger\u00e4t zum Scannen vor.<\/strong><\/em><\/p>\n","protected":false},"author":1,"featured_media":96,"template":"","meta":{"_acf_changed":false},"product_brand":[],"product_cat":[24],"product_tag":[],"class_list":{"0":"post-100","1":"product","2":"type-product","3":"status-publish","4":"has-post-thumbnail","6":"product_cat-nicht-kategorisiert","8":"first","9":"outofstock","10":"virtual","11":"purchasable","12":"product-type-simple"},"acf":[],"_links":{"self":[{"href":"https:\/\/twintownjazz.nl\/de\/wp-json\/wp\/v2\/product\/100","targetHints":{"allow":["GET"]}}],"collection":[{"href":"https:\/\/twintownjazz.nl\/de\/wp-json\/wp\/v2\/product"}],"about":[{"href":"https:\/\/twintownjazz.nl\/de\/wp-json\/wp\/v2\/types\/product"}],"author":[{"embeddable":true,"href":"https:\/\/twintownjazz.nl\/de\/wp-json\/wp\/v2\/users\/1"}],"wp:featuredmedia":[{"embeddable":true,"href":"https:\/\/twintownjazz.nl\/de\/wp-json\/wp\/v2\/media\/96"}],"wp:attachment":[{"href":"https:\/\/twintownjazz.nl\/de\/wp-json\/wp\/v2\/media?parent=100"}],"wp:term":[{"taxonomy":"product_brand","embeddable":true,"href":"https:\/\/twintownjazz.nl\/de\/wp-json\/wp\/v2\/product_brand?post=100"},{"taxonomy":"product_cat","embeddable":true,"href":"https:\/\/twintownjazz.nl\/de\/wp-json\/wp\/v2\/product_cat?post=100"},{"taxonomy":"product_tag","embeddable":true,"href":"https:\/\/twintownjazz.nl\/de\/wp-json\/wp\/v2\/product_tag?post=100"}],"curies":[{"name":"wp","href":"https:\/\/api.w.org\/{rel}","templated":true}]}}